{"id":11596,"date":"2017-12-07T15:44:58","date_gmt":"2017-12-07T14:44:58","guid":{"rendered":"http:\/\/ww.fotousato.com\/?page_id=11596"},"modified":"2017-12-07T15:44:58","modified_gmt":"2017-12-07T14:44:58","slug":"nikon-d800-la-scheda-2","status":"publish","type":"page","link":"https:\/\/www.fotousato.com\/?page_id=11596","title":{"rendered":"Nikon D850: scheda delle risorse!"},"content":{"rendered":"<p><strong>Nikon D800 e Nikon D800E: raccolta materiale informativo.<\/strong><\/p>\n<p>Reflex Nikon Full Frame (FX, 36&#215;24) presentata il 7 febbraio 2012.<br \/>\nPrima fra le reflex 35mm ad avere la risoluzione di 36Mpixel, considerata da molti oltre il limite accettabile di densit\u00e0 del sensore ( in realt\u00e0 la densit\u00e0 di questa fotocamera \u00e8 uguale a quella della Nikon D7000 che ha 16Mpixel nel formato Dx 1.5x ).<\/p>\n<p>Questa scheda si propone, con tutti i limiti che gli dovranno essere riconosciuti, di raccogliere del materiale tramite link o incorporazione diretta nella pagina stessa su questa nuova fotocamera: informazioni ufficiali e\/o anche semplici prove, test, ecc. rilevati dagli utenti.<\/p>\n<p>&nbsp;<\/p>\n<p><strong>A partire dallo slogan si evidenzia l&#8217;inusuale ( per ora ) risoluzione:<\/strong><\/p>\n<figure id=\"attachment_384\" aria-describedby=\"caption-attachment-384\" style=\"width: 930px\" class=\"wp-caption alignnone\"><img decoding=\"async\" loading=\"lazy\" class=\" wp-image-384 \" style=\"border-style: initial; border-color: initial; border-image: initial; margin: 0px;\" title=\"i am the big picture: Nikon D800\" src=\"http:\/\/blog.fotousato.com\/wp-content\/uploads\/2012\/02\/d800.jpg\" alt=\"i am the big picture: Nikon D800\" width=\"930\" height=\"682\" \/><figcaption id=\"caption-attachment-384\" class=\"wp-caption-text\">i am the big picture: Nikon D800<\/figcaption><\/figure>\n<p>&nbsp;<\/p>\n<p><strong>Risorse UFFICIALI<\/strong><\/p>\n<p><a title=\"Caratteristiche tecniche da sito ufficiale in italiano della Nikon D800\" href=\"http:\/\/www.nikon.it\/it_IT\/product\/digital-cameras\/slr\/professional\/d800\" target=\"_blank\" rel=\"noopener\">Caratteristiche tecniche da sito ufficiale in italiano della Nikon D800<\/a><\/p>\n<p><a title=\"Caratteristiche tecniche da sito ufficiale in italiano della Nikon D800E\" href=\"http:\/\/www.nikon.it\/it_IT\/product\/digital-cameras\/slr\/professional\/d800e\" target=\"_blank\" rel=\"noopener\">Caratteristiche tecniche da sito ufficiale in italiano della Nikon D800E<\/a><\/p>\n<p><a title=\"Link per scaricare la brochure in italiano della Nikon D800\" href=\"http:\/\/www.nikon.it\/tmp\/IT\/2419865273\/3760176746\/2327365364\/27184057\/3927504560\/1237327324\/1401799786\/2027325250\/2187440206\/2694937445\/4197552198\/1801762891.pdf\" target=\"_blank\" rel=\"noopener\">Link per scaricare la brochure della Nikon D800 in italiano<\/a><\/p>\n<p>(inglese) <a title=\"Specifiche tecniche ed esempi sulle differenze fra Nikon D800 e Nikon D800E\" href=\"http:\/\/imaging.nikon.com\/lineup\/dslr\/d800\/features01.htm\" target=\"_blank\" rel=\"noopener\">Specifiche tecniche ed esempi sulle differenze fra Nikon D800 e Nikon D800E<\/a><\/p>\n<p>(inglese)\u00a0<a href=\"http:\/\/imaging.nikon.com\/lineup\/dslr\/d800\/\">Nikon D800<\/a>\u00a0(Nikon Imaging)<\/p>\n<p>(inglese)\u00a0<a href=\"http:\/\/www.nikonusa.com\/Nikon-Products\/Product\/Digital-SLR-Cameras\/25480\/D800.html\">Nikon D800<\/a>\u00a0(Nikon USA)<\/p>\n<p>(inglese)\u00a0<a href=\"http:\/\/imaging.nikon.com\/lineup\/dslr\/d800\/pdf\/d800_28p.pdf\">PDF brochure<\/a>\u00a0(Nikon Imaging)<\/p>\n<p>(inglese)\u00a0Foto a piena risoluzione prese con \u00a0<a href=\"http:\/\/imaging.nikon.com\/lineup\/dslr\/d800\/sample01.htm\">D800<\/a>\u00a0e\u00a0<a href=\"http:\/\/imaging.nikon.com\/lineup\/dslr\/d800\/sample02.htm\">D800E<\/a>\u00a0(Nikon Imaging)<\/p>\n<p>(inglese)\u00a0<a href=\"http:\/\/imaging.nikon.com\/lineup\/microsite\/d800\/index.htm\">Nikon D800 &#8220;Microsite&#8221;<\/a>\u00a0(Nikon Imaging)<\/p>\n<p>(inglese)\u00a0<a href=\"http:\/\/www.youtube.com\/watch?feature=player_embedded&amp;v=6rEIam8uQ50\">Video: Nikon D800 product tour<\/a>\u00a0(Nikon Australia)<\/p>\n<p>(inglese)\u00a0<a href=\"http:\/\/www.youtube.com\/watch?v=2auo10nbPvQ\">Video: Through the Lens<\/a>\u00a0(Nikon Asia)<\/p>\n<p>&nbsp;<\/p>\n<p><strong>Risorse DIVERSE<\/strong><\/p>\n<p>(inglese)\u00a0<a href=\"http:\/\/www.robgalbraith.com\/bins\/multi_page.asp?cid=7-11674-12304\">Annunciata la Nikon D800 con un sensore da 36.15 milioni di pixel<\/a>\u00a0(Rob Galbraith)<\/p>\n<p>(inglese)\u00a0<a href=\"http:\/\/www.dpreview.com\/previews\/nikonD800\/\">Nikon D800 anteprima tecnica<\/a>\u00a0(DPreview)<\/p>\n<p>(inglese)\u00a0<a href=\"http:\/\/www.imaging-resource.com\/PRODS\/nikon-d800\/nikon-d800A.HTM\">Nikon D800 anteprima tecnica<\/a>\u00a0(Imaging Resource)<\/p>\n<p>(inglese)\u00a0<a href=\"http:\/\/weblog.robvanpetten.com\/archive\/nikon-d800\">Rob Van Petten on the D800<\/a>\u00a0(Van Petten usa lan D800 per Nikon)<\/p>\n<p>(inglese)\u00a0<a href=\"http:\/\/cliffmautner.typepad.com\/my_weblog\/2012\/02\/its-here-the-nikon-d800.html\">Cliff Mautner on the D800<\/a>\u00a0(Mautner usa lan D800 per\u00a0Nikon)<\/p>\n<p>(inglese)\u00a0<a href=\"http:\/\/johnwrightphoto.tumblr.com\/\">John Wright on the D800<\/a>\u00a0(Wright usa lan D800 per\u00a0Nikon)<\/p>\n<p>(inglese)\u00a0<a href=\"http:\/\/vimeo.com\/36305675\">Video: Joy Ride<\/a>\u00a0(registrazione di Sandro Miller con la\u00a0D800 per Nikon)<br \/>\n(inglese)\u00a0<a href=\"http:\/\/vimeo.com\/36306101\">Video: Joy Ride &#8211; Dietro le quinte<\/a>\u00a0(Nikon USA: riprese di Lindsay Silverman e Mike Corrado)<\/p>\n<p>(inglese)\u00a0<a href=\"http:\/\/vimeo.com\/34805730\">Video: Nikon D800 in studio con Rob Van Petten<\/a><\/p>\n<p>(inglese)\u00a0<a href=\"http:\/\/www.youtube.com\/watch?v=cxgHHAN81_s\">Video: Anteprima Nikon D800 Preview<\/a>\u00a0(Fro Knows Photo)<\/p>\n<p>(inglese)\u00a0<a href=\"http:\/\/www.youtube.com\/watch?v=Or9FI4TJ_8g\">Video: anteprima tecnica D800 and D800E<\/a>\u00a0(WhatDigitalCamera)<\/p>\n<p>(inglese) <a title=\"Anteprima Nikon D800 di Jim Brandenburg\" href=\"http:\/\/jimbrandenburg.blogspot.com\/2012\/02\/preview-of-jims-work-with-nikon-d800.html\" target=\"_blank\" rel=\"noopener\">Anteprima per\/con Nikon D800 di Jim Brandenburg\u00a0in Francia direttamente dal suo blog personale<\/a><\/p>\n<p>(inglese) <a title=\"Esempi di riprese con Nikon D800 di Cliff Mauten per Nikon direttamente dal suo blog personale\" href=\"http:\/\/cmphotography.com\/blog.cfm\" target=\"_blank\" rel=\"noopener\">Esempi di riprese con Nikon D800 di Cliff Mauten per Nikon direttamente dal suo blog personale<\/a>\u00a0<a href=\"http:\/\/blog.fotousato.com\/wp-content\/uploads\/2012\/02\/star_empty.png\"><img decoding=\"async\" loading=\"lazy\" class=\"alignnone wp-image-353\" title=\"star_point\" src=\"http:\/\/blog.fotousato.com\/wp-content\/uploads\/2012\/02\/star_empty.png\" alt=\"\" width=\"16\" height=\"16\" \/><\/a><\/p>\n<p><a title=\"Panorama.it ci spiega perch\u00e9 non possiamo fare a meno di una Nikon D800 \" href=\"http:\/\/blog.panorama.it\/hitechescienza\/2012\/02\/09\/nikon-d800-una-piccola-d4-alla-meta-del-prezzo\/\" target=\"_blank\" rel=\"noopener\">Panorama.it ci spiega perch\u00e9 non possiamo fare a meno di una Nikon D800<\/a><\/p>\n<p><a title=\"Nikon D800 vs Nikon D4\" href=\"http:\/\/blog.fotousato.com\/?p=399\">Un breve confronto fra la &#8220;piccola&#8221; Nikon D800 e la sorella Nikon D4<\/a><\/p>\n<p>&nbsp;<\/p>\n<p>Un commovente video promozionale:<iframe loading=\"lazy\" src=\"http:\/\/www.youtube.com\/embed\/2auo10nbPvQ\" width=\"940\" height=\"560\" frameborder=\"0\"><\/iframe><\/p>\n","protected":false},"excerpt":{"rendered":"<p>Nikon D800 e Nikon D800E: raccolta materiale informativo. Reflex Nikon Full Frame (FX, 36&#215;24) presentata il 7 febbraio 2012. Prima fra le reflex 35mm ad avere la risoluzione di 36Mpixel, considerata da molti oltre il limite accettabile di densit\u00e0 del sensore ( in realt\u00e0 la densit\u00e0 di questa fotocamera \u00e8 uguale a quella della Nikon D7000 che ha 16Mpixel nel formato Dx 1.5x ). Questa scheda si propone, con tutti i limiti che gli dovranno essere riconosciuti, di raccogliere del [&hellip;]<\/p>\n","protected":false},"author":1,"featured_media":0,"parent":364,"menu_order":0,"comment_status":"closed","ping_status":"open","template":"","meta":{"footnotes":""},"_links":{"self":[{"href":"https:\/\/www.fotousato.com\/index.php?rest_route=\/wp\/v2\/pages\/11596"}],"collection":[{"href":"https:\/\/www.fotousato.com\/index.php?rest_route=\/wp\/v2\/pages"}],"about":[{"href":"https:\/\/www.fotousato.com\/index.php?rest_route=\/wp\/v2\/types\/page"}],"author":[{"embeddable":true,"href":"https:\/\/www.fotousato.com\/index.php?rest_route=\/wp\/v2\/users\/1"}],"replies":[{"embeddable":true,"href":"https:\/\/www.fotousato.com\/index.php?rest_route=%2Fwp%2Fv2%2Fcomments&post=11596"}],"version-history":[{"count":1,"href":"https:\/\/www.fotousato.com\/index.php?rest_route=\/wp\/v2\/pages\/11596\/revisions"}],"predecessor-version":[{"id":11597,"href":"https:\/\/www.fotousato.com\/index.php?rest_route=\/wp\/v2\/pages\/11596\/revisions\/11597"}],"up":[{"embeddable":true,"href":"https:\/\/www.fotousato.com\/index.php?rest_route=\/wp\/v2\/pages\/364"}],"wp:attachment":[{"href":"https:\/\/www.fotousato.com\/index.php?rest_route=%2Fwp%2Fv2%2Fmedia&parent=11596"}],"curies":[{"name":"wp","href":"https:\/\/api.w.org\/{rel}","templated":true}]}}